{"id":26821,"date":"2014-09-24T14:12:20","date_gmt":"2014-09-24T12:12:20","guid":{"rendered":"https:\/\/www.varangermuseum.no\/besok-oss-2\/"},"modified":"2021-10-04T14:20:05","modified_gmt":"2021-10-04T12:20:05","slug":"besok-oss","status":"publish","type":"page","link":"https:\/\/www.varangermuseum.no\/en\/besok-oss\/","title":{"rendered":"Bes\u00f8k oss"},"content":{"rendered":"<p>Varanger museum har et bredt og mangfoldig publikumstilbud best\u00e5ende av en rekke bes\u00f8kssteder og utstillinger i store deler av Varanger. Her finner du mer informasjon om alle v\u00e6re bes\u00f8kssteder og utstillinger, tilbudet til skoler og barnehager, muligheter for utleie av v\u00e5re lokaler til forskjellige arrangementer, samt \u00e5pningstider og priser p\u00e5 alle v\u00e5re anlegg.<\/p>\n<figure id=\"attachment_24047\" class=\"thumbnail wp-caption alignleft\" style=\"max-width: 150px;\">\n    <a href=\"\/?page_id=22423\"><img loading=\"lazy\" decoding=\"async\" class=\"wp-image-24047 size-thumbnail\" src=\"https:\/\/www.varangermuseum.no\/wp-content\/uploads\/2015\/04\/Kvendager201305-e1432109752306-150x150.jpg\" alt=\"VAM Kvenuka 201305\" width=\"150\" height=\"150\" srcset=\"https:\/\/www.varangermuseum.no\/wp-content\/uploads\/2015\/04\/Kvendager201305-e1432109752306-150x150.jpg 150w, https:\/\/www.varangermuseum.no\/wp-content\/uploads\/2015\/04\/Kvendager201305-e1432109752306-300x300.jpg 300w, https:\/\/www.varangermuseum.no\/wp-content\/uploads\/2015\/04\/Kvendager201305-e1432109752306-768x768.jpg 768w, https:\/\/www.varangermuseum.no\/wp-content\/uploads\/2015\/04\/Kvendager201305-e1432109752306-200x200.jpg 200w, https:\/\/www.varangermuseum.no\/wp-content\/uploads\/2015\/04\/Kvendager201305-e1432109752306.jpg 955w\" sizes=\"(max-width: 150px) 100vw, 150px\" \/><\/a>    <figcaption class=\"caption wp-caption-text\">Bes\u00f8kssteder<\/figcaption>\n<\/figure>\n<figure id=\"attachment_21415\" class=\"thumbnail wp-caption alignleft\" style=\"max-width: 150px;\">\n    <a href=\"\/?page_id=22425\"><img loading=\"lazy\" decoding=\"async\" class=\"wp-image-21415 size-thumbnail\" src=\"https:\/\/www.varangermuseum.no\/wp-content\/uploads\/2014\/09\/ag4-e1433189788207-150x150.jpg\" alt=\"SVM grenselandmuseet\" width=\"150\" height=\"150\" srcset=\"https:\/\/www.varangermuseum.no\/wp-content\/uploads\/2014\/09\/ag4-e1433189788207-150x150.jpg 150w, https:\/\/www.varangermuseum.no\/wp-content\/uploads\/2014\/09\/ag4-e1433189788207-200x200.jpg 200w\" sizes=\"(max-width: 150px) 100vw, 150px\" \/><\/a>    <figcaption class=\"caption wp-caption-text\">Utstillinger<\/figcaption>\n<\/figure>\n<figure id=\"attachment_22482\" class=\"thumbnail wp-caption alignleft\" style=\"max-width: 150px;\">\n    <a href=\"\/?page_id=21193\"><img loading=\"lazy\" decoding=\"async\" class=\"wp-image-22482 size-thumbnail\" src=\"https:\/\/www.varangermuseum.no\/wp-content\/uploads\/2015\/02\/nettustilling-e1427202028447-150x150.jpg\" alt=\"nettustilling\" width=\"150\" height=\"150\" srcset=\"https:\/\/www.varangermuseum.no\/wp-content\/uploads\/2015\/02\/nettustilling-e1427202028447-150x150.jpg 150w, https:\/\/www.varangermuseum.no\/wp-content\/uploads\/2015\/02\/nettustilling-e1427202028447-200x200.jpg 200w\" sizes=\"(max-width: 150px) 100vw, 150px\" \/><\/a>    <figcaption class=\"caption wp-caption-text\">Nettutstillinger<\/figcaption>\n<\/figure>\n<figure id=\"attachment_21019\" class=\"thumbnail wp-caption alignleft\" style=\"max-width: 150px;\">\n    <a href=\"\/?page_id=53\"><img loading=\"lazy\" decoding=\"async\" class=\"wp-image-21019 size-thumbnail\" src=\"https:\/\/www.varangermuseum.no\/wp-content\/uploads\/2014\/09\/Kvenuka-Ekker\u00f8y-241-e1423750192358-150x150.jpg\" alt=\"VAM Kvenuka Ekker\u00f8y 2\" width=\"150\" height=\"150\" srcset=\"https:\/\/www.varangermuseum.no\/wp-content\/uploads\/2014\/09\/Kvenuka-Ekker\u00f8y-241-e1423750192358-150x150.jpg 150w, https:\/\/www.varangermuseum.no\/wp-content\/uploads\/2014\/09\/Kvenuka-Ekker\u00f8y-241-e1423750192358-200x200.jpg 200w\" sizes=\"(max-width: 150px) 100vw, 150px\" \/><\/a>    <figcaption class=\"caption wp-caption-text\">Skoler og barnehager<\/figcaption>\n<\/figure>\n<figure id=\"attachment_22954\" class=\"thumbnail wp-caption alignleft\" style=\"max-width: 150px;\">\n    <a href=\"\/?page_id=553\"><img loading=\"lazy\" decoding=\"async\" class=\"wp-image-22954 size-thumbnail\" src=\"https:\/\/www.varangermuseum.no\/wp-content\/uploads\/2014\/09\/Esbensen-Knut-\u00c5serud-11-e1428919520860-150x150.jpg\" alt=\"VAM Esbensen utleie\" width=\"150\" height=\"150\" srcset=\"https:\/\/www.varangermuseum.no\/wp-content\/uploads\/2014\/09\/Esbensen-Knut-\u00c5serud-11-e1428919520860-150x150.jpg 150w, https:\/\/www.varangermuseum.no\/wp-content\/uploads\/2014\/09\/Esbensen-Knut-\u00c5serud-11-e1428919520860-200x200.jpg 200w\" sizes=\"(max-width: 150px) 100vw, 150px\" \/><\/a>    <figcaption class=\"caption wp-caption-text\">Utleie<\/figcaption>\n<\/figure>\n<figure id=\"attachment_25514\" class=\"thumbnail wp-caption alignleft\" style=\"max-width: 150px;\">\n    <a href=\"\/?page_id=22730\"><img loading=\"lazy\" decoding=\"async\" class=\"wp-image-25514 size-thumbnail\" src=\"https:\/\/www.varangermuseum.no\/wp-content\/uploads\/2014\/09\/klokke2-150x150.jpg\" alt=\"\" width=\"150\" height=\"150\" srcset=\"https:\/\/www.varangermuseum.no\/wp-content\/uploads\/2014\/09\/klokke2-150x150.jpg 150w, https:\/\/www.varangermuseum.no\/wp-content\/uploads\/2014\/09\/klokke2-300x300.jpg 300w, https:\/\/www.varangermuseum.no\/wp-content\/uploads\/2014\/09\/klokke2-200x200.jpg 200w, https:\/\/www.varangermuseum.no\/wp-content\/uploads\/2014\/09\/klokke2.jpg 663w\" sizes=\"(max-width: 150px) 100vw, 150px\" \/><\/a>    <figcaption class=\"caption wp-caption-text\">\u00c5pningstider og priser<\/figcaption>\n<\/figure>\n","protected":false},"excerpt":{"rendered":"<p>Varanger museum har et bredt og mangfoldig publikumstilbud best\u00e5ende av en rekke [&hellip;]<\/p>\n","protected":false},"author":24,"featured_media":22743,"parent":0,"menu_order":0,"comment_status":"open","ping_status":"closed","template":"template-sectionfrontpage.php","meta":{"_acf_changed":false,"footnotes":""},"class_list":["post-26821","page","type-page","status-publish","has-post-thumbnail","hentry"],"acf":[],"_links":{"self":[{"href":"https:\/\/www.varangermuseum.no\/en\/wp-json\/wp\/v2\/pages\/26821","targetHints":{"allow":["GET"]}}],"collection":[{"href":"https:\/\/www.varangermuseum.no\/en\/wp-json\/wp\/v2\/pages"}],"about":[{"href":"https:\/\/www.varangermuseum.no\/en\/wp-json\/wp\/v2\/types\/page"}],"author":[{"embeddable":true,"href":"https:\/\/www.varangermuseum.no\/en\/wp-json\/wp\/v2\/users\/24"}],"replies":[{"embeddable":true,"href":"https:\/\/www.varangermuseum.no\/en\/wp-json\/wp\/v2\/comments?post=26821"}],"version-history":[{"count":7,"href":"https:\/\/www.varangermuseum.no\/en\/wp-json\/wp\/v2\/pages\/26821\/revisions"}],"predecessor-version":[{"id":43325,"href":"https:\/\/www.varangermuseum.no\/en\/wp-json\/wp\/v2\/pages\/26821\/revisions\/43325"}],"wp:featuredmedia":[{"embeddable":true,"href":"https:\/\/www.varangermuseum.no\/en\/wp-json\/wp\/v2\/media\/22743"}],"wp:attachment":[{"href":"https:\/\/www.varangermuseum.no\/en\/wp-json\/wp\/v2\/media?parent=26821"}],"curies":[{"name":"wp","href":"https:\/\/api.w.org\/{rel}","templated":true}]}}