{"id":301,"date":"2014-07-21T14:12:05","date_gmt":"2014-07-21T12:12:05","guid":{"rendered":"https:\/\/www.varangermuseum.no\/?page_id=301"},"modified":"2020-07-17T15:46:40","modified_gmt":"2020-07-17T13:46:40","slug":"vardo-museum","status":"publish","type":"page","link":"https:\/\/www.varangermuseum.no\/en\/departments\/vardo-museum\/","title":{"rendered":"Vard\u00f8 museum"},"content":{"rendered":"<p>Vard\u00f8 museum er Finnmarks eldste museum, og<span style=\"color: #1a1a1a;\"> ble etablert som et rent naturhistorisk museum i 1894. I dag er v\u00e5re viktigste fagfelt trolldomsprosessene p\u00e5 1600-tallet, pomorhistorie, partisanhistorie og byhistorie for Vard\u00f8.<br \/>\n<\/span><\/p>\n<p style=\"color: #1a1a1a;\">Museet i Vard\u00f8 har tatt i bruk gamle bygninger med markant historie for \u00e5 huse sine utstillinger og kontorer. Den f\u00f8rste var Lushaugen, som ble tatt i bruk som museum i 1989. Senere har ogs\u00e5 <a href=\"\/?page_id=617\">Brodtkorbsj\u00e5ene<\/a> blitt til <a href=\"\/?page_id=21892\">Pomormuseum<\/a>. Museet disponerer ogs\u00e5 en b\u00e5t, M\/K Einar II, og vi har formidlingsansvar for <a href=\"\/?page_id=270\">Steilneset Minnested<\/a>. For tiden holder administrasjonen hus i den gamle skolen i Vard\u00f8 hvor de ansatte har sine kontorer.<\/p>\n<p style=\"color: #1a1a1a;\"><strong>Kontakt Vard\u00f8 museum<\/strong><br \/>\nE-post: <a href=\"mailto:vardo@varangermuseum.no\">vardo@varangermuseum.no<\/a><br \/>\nTlf: +47 407 04 510<br \/>\nAdministrasjonens bes\u00f8ksadresse: Skolegata 1, 9950 Vard\u00f8<\/p>\n","protected":false},"excerpt":{"rendered":"<p>Vard\u00f8 museum er Finnmarks eldste museum, og ble etablert som et rent [&hellip;]<\/p>\n","protected":false},"author":1,"featured_media":21849,"parent":276,"menu_order":0,"comment_status":"open","ping_status":"closed","template":"template-sectionfrontpage.php","meta":{"_acf_changed":false,"footnotes":""},"class_list":["post-301","page","type-page","status-publish","has-post-thumbnail","hentry"],"acf":[],"_links":{"self":[{"href":"https:\/\/www.varangermuseum.no\/en\/wp-json\/wp\/v2\/pages\/301","targetHints":{"allow":["GET"]}}],"collection":[{"href":"https:\/\/www.varangermuseum.no\/en\/wp-json\/wp\/v2\/pages"}],"about":[{"href":"https:\/\/www.varangermuseum.no\/en\/wp-json\/wp\/v2\/types\/page"}],"author":[{"embeddable":true,"href":"https:\/\/www.varangermuseum.no\/en\/wp-json\/wp\/v2\/users\/1"}],"replies":[{"embeddable":true,"href":"https:\/\/www.varangermuseum.no\/en\/wp-json\/wp\/v2\/comments?post=301"}],"version-history":[{"count":29,"href":"https:\/\/www.varangermuseum.no\/en\/wp-json\/wp\/v2\/pages\/301\/revisions"}],"predecessor-version":[{"id":37846,"href":"https:\/\/www.varangermuseum.no\/en\/wp-json\/wp\/v2\/pages\/301\/revisions\/37846"}],"up":[{"embeddable":true,"href":"https:\/\/www.varangermuseum.no\/en\/wp-json\/wp\/v2\/pages\/276"}],"wp:featuredmedia":[{"embeddable":true,"href":"https:\/\/www.varangermuseum.no\/en\/wp-json\/wp\/v2\/media\/21849"}],"wp:attachment":[{"href":"https:\/\/www.varangermuseum.no\/en\/wp-json\/wp\/v2\/media?parent=301"}],"curies":[{"name":"wp","href":"https:\/\/api.w.org\/{rel}","templated":true}]}}