{"id":37807,"date":"2020-07-16T13:38:06","date_gmt":"2020-07-16T11:38:06","guid":{"rendered":"https:\/\/www.varangermuseum.no\/kibergneset-kiberg-fort\/"},"modified":"2020-07-16T16:06:00","modified_gmt":"2020-07-16T14:06:00","slug":"kibergneset-kiberg-fort","status":"publish","type":"page","link":"https:\/\/www.varangermuseum.no\/en\/kibergneset-kiberg-fort\/","title":{"rendered":"Kibergsneset &#8211; Kiberg fort"},"content":{"rendered":"\n<figure class=\"wp-block-image size-large\"><img loading=\"lazy\" decoding=\"async\" width=\"1024\" height=\"683\" src=\"https:\/\/www.varangermuseum.no\/wp-content\/uploads\/2020\/07\/IMG_7573-1-1024x683.jpg\" alt=\"\" class=\"wp-image-37815\" srcset=\"https:\/\/www.varangermuseum.no\/wp-content\/uploads\/2020\/07\/IMG_7573-1-1024x683.jpg 1024w, https:\/\/www.varangermuseum.no\/wp-content\/uploads\/2020\/07\/IMG_7573-1-300x200.jpg 300w, https:\/\/www.varangermuseum.no\/wp-content\/uploads\/2020\/07\/IMG_7573-1-768x512.jpg 768w, https:\/\/www.varangermuseum.no\/wp-content\/uploads\/2020\/07\/IMG_7573-1-1536x1024.jpg 1536w, https:\/\/www.varangermuseum.no\/wp-content\/uploads\/2020\/07\/IMG_7573-1-2048x1365.jpg 2048w, https:\/\/www.varangermuseum.no\/wp-content\/uploads\/2020\/07\/IMG_7573-1-252x168.jpg 252w\" sizes=\"(max-width: 1024px) 100vw, 1024px\" \/><\/figure>\n\n\n\n<p>Varanger Museum ferdigstiller denne sommeren skiltingen av de enkelte infopunktene av krigsminnene p\u00e5 Kibergsneset &#8211; Fort Kiberg. Disse infopunktene\/markeringene er ment \u00e5 gi en oversikt over de forskjellige installasjonene som den tyske krigsmakt etterlot seg sent i oktober 1944.<\/p>\n\n\n\n<p>De siste infopunktene kommer opp i m\u00e5nedsskiftet juli\/august 2020, og de tre store oversiktskartene som skal monteres er under revisjon for endelig utforming. Samarbeidspartnere i dette prosjektet har v\u00e6rt Erik H\u00e5rberg, <a rel=\"noreferrer noopener\" aria-label=\"kystfort.com (\u00e5pner i en ny fane)\" href=\"http:\/\/www.kystfort.com\" target=\"_blank\">kystfort.com<\/a>, som har st\u00e5tt for design og utforming av skiltene, og Vegard Lind har v\u00e6rt teknisk\/faglig konsulent og den som har st\u00e5tt for montering av skiltene. <\/p>\n\n\n\n<p>Prosjektet er finansiert med tilskudd fra Riksantikvaren.<\/p>\n\n\n\n<div class=\"wp-block-group\"><div class=\"wp-block-group__inner-container is-layout-flow wp-block-group-is-layout-flow\">\n<p> <\/p>\n<\/div><\/div>\n\n\n\n<p>En kortfattet innf\u00f8ring i fortets historie kan leses her: <a rel=\"noreferrer noopener\" aria-label=\"KYSTBATTERIET P\u00c5 KIBERGSNESET (\u00e5pner i en ny fane)\" href=\"\/?page_id=37780\" target=\"_blank\">KYSTBATTERIET P\u00c5 KIBERGSNESET<\/a><\/p>\n\n\n\n<div class=\"wp-block-group\"><div class=\"wp-block-group__inner-container is-layout-flow wp-block-group-is-layout-flow\">\n<div class=\"wp-block-group alignwide\"><div class=\"wp-block-group__inner-container is-layout-flow wp-block-group-is-layout-flow\">\n<figure class=\"wp-block-image\"><img loading=\"lazy\" decoding=\"async\" width=\"1024\" height=\"683\" src=\"https:\/\/www.varangermuseum.no\/wp-content\/uploads\/2020\/07\/IMG_7537-1-1024x683.jpg\" alt=\"\" class=\"wp-image-37758\" srcset=\"https:\/\/www.varangermuseum.no\/wp-content\/uploads\/2020\/07\/IMG_7537-1-1024x683.jpg 1024w, https:\/\/www.varangermuseum.no\/wp-content\/uploads\/2020\/07\/IMG_7537-1-300x200.jpg 300w, https:\/\/www.varangermuseum.no\/wp-content\/uploads\/2020\/07\/IMG_7537-1-768x512.jpg 768w, https:\/\/www.varangermuseum.no\/wp-content\/uploads\/2020\/07\/IMG_7537-1-1536x1024.jpg 1536w, https:\/\/www.varangermuseum.no\/wp-content\/uploads\/2020\/07\/IMG_7537-1-2048x1365.jpg 2048w, https:\/\/www.varangermuseum.no\/wp-content\/uploads\/2020\/07\/IMG_7537-1-252x168.jpg 252w\" sizes=\"(max-width: 1024px) 100vw, 1024px\" \/><figcaption>Infopunktene\/markeringene best\u00e5r av en gulmalt betongs\u00f8yle med en plakett p\u00e5 toppen.<\/figcaption><\/figure>\n<\/div><\/div>\n<\/div><\/div>\n\n\n\n<div class=\"wp-block-group\"><div class=\"wp-block-group__inner-container is-layout-flow wp-block-group-is-layout-flow\">\n<figure class=\"wp-block-image\"><img loading=\"lazy\" decoding=\"async\" width=\"1024\" height=\"683\" src=\"https:\/\/www.varangermuseum.no\/wp-content\/uploads\/2020\/07\/IMG_7552-1-1024x683.jpg\" alt=\"\" class=\"wp-image-37768\" srcset=\"https:\/\/www.varangermuseum.no\/wp-content\/uploads\/2020\/07\/IMG_7552-1-1024x683.jpg 1024w, https:\/\/www.varangermuseum.no\/wp-content\/uploads\/2020\/07\/IMG_7552-1-300x200.jpg 300w, https:\/\/www.varangermuseum.no\/wp-content\/uploads\/2020\/07\/IMG_7552-1-768x512.jpg 768w, https:\/\/www.varangermuseum.no\/wp-content\/uploads\/2020\/07\/IMG_7552-1-1536x1024.jpg 1536w, https:\/\/www.varangermuseum.no\/wp-content\/uploads\/2020\/07\/IMG_7552-1-2048x1365.jpg 2048w, https:\/\/www.varangermuseum.no\/wp-content\/uploads\/2020\/07\/IMG_7552-1-252x168.jpg 252w\" sizes=\"(max-width: 1024px) 100vw, 1024px\" \/><\/figure>\n\n\n\n<figure class=\"wp-block-image\"><img loading=\"lazy\" decoding=\"async\" width=\"1024\" height=\"683\" src=\"https:\/\/www.varangermuseum.no\/wp-content\/uploads\/2020\/07\/IMG_7533-1-1024x683.jpg\" alt=\"\" class=\"wp-image-37773\" srcset=\"https:\/\/www.varangermuseum.no\/wp-content\/uploads\/2020\/07\/IMG_7533-1-1024x683.jpg 1024w, https:\/\/www.varangermuseum.no\/wp-content\/uploads\/2020\/07\/IMG_7533-1-300x200.jpg 300w, https:\/\/www.varangermuseum.no\/wp-content\/uploads\/2020\/07\/IMG_7533-1-768x512.jpg 768w, https:\/\/www.varangermuseum.no\/wp-content\/uploads\/2020\/07\/IMG_7533-1-1536x1024.jpg 1536w, https:\/\/www.varangermuseum.no\/wp-content\/uploads\/2020\/07\/IMG_7533-1-2048x1365.jpg 2048w, https:\/\/www.varangermuseum.no\/wp-content\/uploads\/2020\/07\/IMG_7533-1-252x168.jpg 252w\" sizes=\"(max-width: 1024px) 100vw, 1024px\" \/><\/figure>\n<\/div><\/div>\n","protected":false},"excerpt":{"rendered":"<p>Varanger Museum ferdigstiller denne sommeren skiltingen av de enkelte infopunktene av krigsminnene [&hellip;]<\/p>\n","protected":false},"author":19,"featured_media":0,"parent":0,"menu_order":0,"comment_status":"closed","ping_status":"closed","template":"template-simplefront-fullwidth.php","meta":{"_acf_changed":false,"footnotes":""},"class_list":["post-37807","page","type-page","status-publish","hentry"],"acf":[],"_links":{"self":[{"href":"https:\/\/www.varangermuseum.no\/en\/wp-json\/wp\/v2\/pages\/37807","targetHints":{"allow":["GET"]}}],"collection":[{"href":"https:\/\/www.varangermuseum.no\/en\/wp-json\/wp\/v2\/pages"}],"about":[{"href":"https:\/\/www.varangermuseum.no\/en\/wp-json\/wp\/v2\/types\/page"}],"author":[{"embeddable":true,"href":"https:\/\/www.varangermuseum.no\/en\/wp-json\/wp\/v2\/users\/19"}],"replies":[{"embeddable":true,"href":"https:\/\/www.varangermuseum.no\/en\/wp-json\/wp\/v2\/comments?post=37807"}],"version-history":[{"count":10,"href":"https:\/\/www.varangermuseum.no\/en\/wp-json\/wp\/v2\/pages\/37807\/revisions"}],"predecessor-version":[{"id":37841,"href":"https:\/\/www.varangermuseum.no\/en\/wp-json\/wp\/v2\/pages\/37807\/revisions\/37841"}],"wp:attachment":[{"href":"https:\/\/www.varangermuseum.no\/en\/wp-json\/wp\/v2\/media?parent=37807"}],"curies":[{"name":"wp","href":"https:\/\/api.w.org\/{rel}","templated":true}]}}